{"id":221,"date":"2017-07-13T11:36:02","date_gmt":"2017-07-13T11:36:02","guid":{"rendered":"http:\/\/enterarte.info\/press\/?page_id=221"},"modified":"2025-08-11T17:31:01","modified_gmt":"2025-08-11T20:31:01","slug":"quienes-somos","status":"publish","type":"page","link":"https:\/\/enterarte.info\/press\/quienes-somos\/","title":{"rendered":"Quienes Somos"},"content":{"rendered":"<blockquote><p><strong>ENTERARTE<\/strong><br \/>\n<strong>Cuando el arte y la inform\u00e1tica son uno.<\/strong><\/p><\/blockquote>\n<p>&nbsp;<\/p>\n<blockquote><p>ENTERARTE es un portal de promoci\u00f3n social y cultural, dedicado al desarrollo de peque\u00f1as comunidades y grupos interesados en temas art\u00edsticos y culturales.<br \/>\nLas comunicaciones vinculadas al arte y la cultura han evolucionado a trav\u00e9s del tiempo llegando a la era de la digitalizaci\u00f3n.<\/p>\n<p>Por lo antes expuesto, hemos creado este espacio de informaci\u00f3n, comunicaci\u00f3n, interacci\u00f3n y cooperaci\u00f3n, que nos brinda una forma de difusi\u00f3n y promoci\u00f3n del arte y la cultura, de manera tal que podamos llegar a diferentes medios.<\/p><\/blockquote>\n<p>&nbsp;<\/p>\n<p><a href=\"https:\/\/enterarte.info\/press\/wp-content\/uploads\/2017\/07\/d5305d55-a3ea-4b83-b49d-f88ccf4f1660.jpg\"><img loading=\"lazy\" decoding=\"async\" class=\"alignnone wp-image-222\" src=\"https:\/\/enterarte.info\/press\/wp-content\/uploads\/2017\/07\/d5305d55-a3ea-4b83-b49d-f88ccf4f1660-300x300.jpg\" alt=\"\" width=\"116\" height=\"116\" srcset=\"https:\/\/enterarte.info\/press\/wp-content\/uploads\/2017\/07\/d5305d55-a3ea-4b83-b49d-f88ccf4f1660-300x300.jpg 300w, https:\/\/enterarte.info\/press\/wp-content\/uploads\/2017\/07\/d5305d55-a3ea-4b83-b49d-f88ccf4f1660-150x150.jpg 150w, https:\/\/enterarte.info\/press\/wp-content\/uploads\/2017\/07\/d5305d55-a3ea-4b83-b49d-f88ccf4f1660.jpg 480w\" sizes=\"auto, (max-width: 116px) 100vw, 116px\" \/><\/a><\/p>\n<p>Ely Prensa, Corresponsal en Buenos Aires. \u00a0Productora en Argentina para Uruguay Chile.<\/p>\n<p><a href=\"https:\/\/enterarte.info\/press\/wp-content\/uploads\/2021\/03\/148952845_10224901602867059_3441983026874153469_n.jpg\"><img loading=\"lazy\" decoding=\"async\" class=\"alignnone wp-image-4519\" src=\"https:\/\/enterarte.info\/press\/wp-content\/uploads\/2021\/03\/148952845_10224901602867059_3441983026874153469_n.jpg\" alt=\"\" width=\"136\" height=\"153\" srcset=\"https:\/\/enterarte.info\/press\/wp-content\/uploads\/2021\/03\/148952845_10224901602867059_3441983026874153469_n.jpg 418w, https:\/\/enterarte.info\/press\/wp-content\/uploads\/2021\/03\/148952845_10224901602867059_3441983026874153469_n-266x300.jpg 266w\" sizes=\"auto, (max-width: 136px) 100vw, 136px\" \/><\/a><\/p>\n<p>Edgardo Fag\u00fandez t\u00e9cnico en comunicaci\u00f3n social, Conductor.<\/p>\n<p>&nbsp;<\/p>\n<p><a href=\"https:\/\/enterarte.info\/press\/wp-content\/uploads\/2021\/03\/123058372_10221676880384896_8180263842607413895_o.jpg\"><img loading=\"lazy\" decoding=\"async\" class=\"alignnone wp-image-4520\" src=\"https:\/\/enterarte.info\/press\/wp-content\/uploads\/2021\/03\/123058372_10221676880384896_8180263842607413895_o.jpg\" alt=\"\" width=\"138\" height=\"145\" srcset=\"https:\/\/enterarte.info\/press\/wp-content\/uploads\/2021\/03\/123058372_10221676880384896_8180263842607413895_o.jpg 1264w, https:\/\/enterarte.info\/press\/wp-content\/uploads\/2021\/03\/123058372_10221676880384896_8180263842607413895_o-285x300.jpg 285w, https:\/\/enterarte.info\/press\/wp-content\/uploads\/2021\/03\/123058372_10221676880384896_8180263842607413895_o-972x1024.jpg 972w, https:\/\/enterarte.info\/press\/wp-content\/uploads\/2021\/03\/123058372_10221676880384896_8180263842607413895_o-768x809.jpg 768w\" sizes=\"auto, (max-width: 138px) 100vw, 138px\" \/><\/a><\/p>\n<p>Virginia Vega, dise\u00f1adora gr\u00e1fica y webmaster.<\/p>\n<p>&nbsp;<\/p>\n<p><a href=\"https:\/\/enterarte.info\/press\/wp-content\/uploads\/2025\/08\/516417386_10237402215574559_5208133972544305045_n.jpg\"><img loading=\"lazy\" decoding=\"async\" class=\"alignnone  wp-image-6245\" src=\"https:\/\/enterarte.info\/press\/wp-content\/uploads\/2025\/08\/516417386_10237402215574559_5208133972544305045_n.jpg\" alt=\"\" width=\"134\" height=\"194\" srcset=\"https:\/\/enterarte.info\/press\/wp-content\/uploads\/2025\/08\/516417386_10237402215574559_5208133972544305045_n.jpg 262w, https:\/\/enterarte.info\/press\/wp-content\/uploads\/2025\/08\/516417386_10237402215574559_5208133972544305045_n-207x300.jpg 207w\" sizes=\"auto, (max-width: 134px) 100vw, 134px\" \/><\/a><\/p>\n<p>Luis Pino, entrevistas y copetes<\/p>\n","protected":false},"excerpt":{"rendered":"<p>ENTERARTE Cuando el arte y la inform\u00e1tica son uno. &nbsp; ENTERARTE es un portal de promoci\u00f3n social &hellip; <\/p>\n","protected":false},"author":2,"featured_media":0,"parent":0,"menu_order":0,"comment_status":"closed","ping_status":"closed","template":"","meta":{"footnotes":""},"class_list":["post-221","page","type-page","status-publish","hentry"],"yoast_head":"<!-- This site is optimized with the Yoast SEO plugin v24.5 - https:\/\/yoast.com\/wordpress\/plugins\/seo\/ -->\n<title>Quienes Somos - ENTERARTE<\/title>\n<meta name=\"robots\" content=\"index, follow, max-snippet:-1, max-image-preview:large, max-video-preview:-1\" \/>\n<link rel=\"canonical\" href=\"https:\/\/enterarte.info\/press\/quienes-somos\/\" \/>\n<meta property=\"og:locale\" content=\"es_ES\" \/>\n<meta property=\"og:type\" content=\"article\" \/>\n<meta property=\"og:title\" content=\"Quienes Somos - ENTERARTE\" \/>\n<meta property=\"og:description\" content=\"ENTERARTE Cuando el arte y la inform\u00e1tica son uno. &nbsp; ENTERARTE es un portal de promoci\u00f3n social &hellip;\" \/>\n<meta property=\"og:url\" content=\"https:\/\/enterarte.info\/press\/quienes-somos\/\" \/>\n<meta property=\"og:site_name\" content=\"ENTERARTE\" \/>\n<meta property=\"article:publisher\" content=\"\/enterarte.info\/\" \/>\n<meta property=\"article:modified_time\" content=\"2025-08-11T20:31:01+00:00\" \/>\n<meta property=\"og:image\" content=\"http:\/\/enterarte.info\/press\/wp-content\/uploads\/2017\/07\/d5305d55-a3ea-4b83-b49d-f88ccf4f1660-300x300.jpg\" \/>\n<meta name=\"twitter:card\" content=\"summary_large_image\" \/>\n<meta name=\"twitter:label1\" content=\"Tiempo de lectura\" \/>\n\t<meta name=\"twitter:data1\" content=\"1 minuto\" \/>\n<script type=\"application\/ld+json\" class=\"yoast-schema-graph\">{\"@context\":\"https:\/\/schema.org\",\"@graph\":[{\"@type\":\"WebPage\",\"@id\":\"https:\/\/enterarte.info\/press\/quienes-somos\/\",\"url\":\"https:\/\/enterarte.info\/press\/quienes-somos\/\",\"name\":\"Quienes Somos - ENTERARTE\",\"isPartOf\":{\"@id\":\"https:\/\/enterarte.info\/press\/#website\"},\"primaryImageOfPage\":{\"@id\":\"https:\/\/enterarte.info\/press\/quienes-somos\/#primaryimage\"},\"image\":{\"@id\":\"https:\/\/enterarte.info\/press\/quienes-somos\/#primaryimage\"},\"thumbnailUrl\":\"http:\/\/enterarte.info\/press\/wp-content\/uploads\/2017\/07\/d5305d55-a3ea-4b83-b49d-f88ccf4f1660-300x300.jpg\",\"datePublished\":\"2017-07-13T11:36:02+00:00\",\"dateModified\":\"2025-08-11T20:31:01+00:00\",\"inLanguage\":\"es\",\"potentialAction\":[{\"@type\":\"ReadAction\",\"target\":[\"https:\/\/enterarte.info\/press\/quienes-somos\/\"]}]},{\"@type\":\"ImageObject\",\"inLanguage\":\"es\",\"@id\":\"https:\/\/enterarte.info\/press\/quienes-somos\/#primaryimage\",\"url\":\"http:\/\/enterarte.info\/press\/wp-content\/uploads\/2017\/07\/d5305d55-a3ea-4b83-b49d-f88ccf4f1660-300x300.jpg\",\"contentUrl\":\"http:\/\/enterarte.info\/press\/wp-content\/uploads\/2017\/07\/d5305d55-a3ea-4b83-b49d-f88ccf4f1660-300x300.jpg\"},{\"@type\":\"WebSite\",\"@id\":\"https:\/\/enterarte.info\/press\/#website\",\"url\":\"https:\/\/enterarte.info\/press\/\",\"name\":\"ENTERARTE\",\"description\":\"Cuando el arte y la inform\u00e1tica son  uno\",\"publisher\":{\"@id\":\"https:\/\/enterarte.info\/press\/#organization\"},\"potentialAction\":[{\"@type\":\"SearchAction\",\"target\":{\"@type\":\"EntryPoint\",\"urlTemplate\":\"https:\/\/enterarte.info\/press\/?s={search_term_string}\"},\"query-input\":{\"@type\":\"PropertyValueSpecification\",\"valueRequired\":true,\"valueName\":\"search_term_string\"}}],\"inLanguage\":\"es\"},{\"@type\":\"Organization\",\"@id\":\"https:\/\/enterarte.info\/press\/#organization\",\"name\":\"ENTERARTE\",\"url\":\"https:\/\/enterarte.info\/press\/\",\"logo\":{\"@type\":\"ImageObject\",\"inLanguage\":\"es\",\"@id\":\"https:\/\/enterarte.info\/press\/#\/schema\/logo\/image\/\",\"url\":\"http:\/\/enterarte.info\/press\/wp-content\/uploads\/2017\/09\/cabezal_fondo_celeste_final_910.png\",\"contentUrl\":\"http:\/\/enterarte.info\/press\/wp-content\/uploads\/2017\/09\/cabezal_fondo_celeste_final_910.png\",\"width\":910,\"height\":205,\"caption\":\"ENTERARTE\"},\"image\":{\"@id\":\"https:\/\/enterarte.info\/press\/#\/schema\/logo\/image\/\"},\"sameAs\":[\"\/enterarte.info\/\"]}]}<\/script>\n<!-- \/ Yoast SEO plugin. -->","yoast_head_json":{"title":"Quienes Somos - ENTERARTE","robots":{"index":"index","follow":"follow","max-snippet":"max-snippet:-1","max-image-preview":"max-image-preview:large","max-video-preview":"max-video-preview:-1"},"canonical":"https:\/\/enterarte.info\/press\/quienes-somos\/","og_locale":"es_ES","og_type":"article","og_title":"Quienes Somos - ENTERARTE","og_description":"ENTERARTE Cuando el arte y la inform\u00e1tica son uno. &nbsp; ENTERARTE es un portal de promoci\u00f3n social &hellip;","og_url":"https:\/\/enterarte.info\/press\/quienes-somos\/","og_site_name":"ENTERARTE","article_publisher":"\/enterarte.info\/","article_modified_time":"2025-08-11T20:31:01+00:00","og_image":[{"url":"http:\/\/enterarte.info\/press\/wp-content\/uploads\/2017\/07\/d5305d55-a3ea-4b83-b49d-f88ccf4f1660-300x300.jpg","type":"","width":"","height":""}],"twitter_card":"summary_large_image","twitter_misc":{"Tiempo de lectura":"1 minuto"},"schema":{"@context":"https:\/\/schema.org","@graph":[{"@type":"WebPage","@id":"https:\/\/enterarte.info\/press\/quienes-somos\/","url":"https:\/\/enterarte.info\/press\/quienes-somos\/","name":"Quienes Somos - ENTERARTE","isPartOf":{"@id":"https:\/\/enterarte.info\/press\/#website"},"primaryImageOfPage":{"@id":"https:\/\/enterarte.info\/press\/quienes-somos\/#primaryimage"},"image":{"@id":"https:\/\/enterarte.info\/press\/quienes-somos\/#primaryimage"},"thumbnailUrl":"http:\/\/enterarte.info\/press\/wp-content\/uploads\/2017\/07\/d5305d55-a3ea-4b83-b49d-f88ccf4f1660-300x300.jpg","datePublished":"2017-07-13T11:36:02+00:00","dateModified":"2025-08-11T20:31:01+00:00","inLanguage":"es","potentialAction":[{"@type":"ReadAction","target":["https:\/\/enterarte.info\/press\/quienes-somos\/"]}]},{"@type":"ImageObject","inLanguage":"es","@id":"https:\/\/enterarte.info\/press\/quienes-somos\/#primaryimage","url":"http:\/\/enterarte.info\/press\/wp-content\/uploads\/2017\/07\/d5305d55-a3ea-4b83-b49d-f88ccf4f1660-300x300.jpg","contentUrl":"http:\/\/enterarte.info\/press\/wp-content\/uploads\/2017\/07\/d5305d55-a3ea-4b83-b49d-f88ccf4f1660-300x300.jpg"},{"@type":"WebSite","@id":"https:\/\/enterarte.info\/press\/#website","url":"https:\/\/enterarte.info\/press\/","name":"ENTERARTE","description":"Cuando el arte y la inform\u00e1tica son  uno","publisher":{"@id":"https:\/\/enterarte.info\/press\/#organization"},"potentialAction":[{"@type":"SearchAction","target":{"@type":"EntryPoint","urlTemplate":"https:\/\/enterarte.info\/press\/?s={search_term_string}"},"query-input":{"@type":"PropertyValueSpecification","valueRequired":true,"valueName":"search_term_string"}}],"inLanguage":"es"},{"@type":"Organization","@id":"https:\/\/enterarte.info\/press\/#organization","name":"ENTERARTE","url":"https:\/\/enterarte.info\/press\/","logo":{"@type":"ImageObject","inLanguage":"es","@id":"https:\/\/enterarte.info\/press\/#\/schema\/logo\/image\/","url":"http:\/\/enterarte.info\/press\/wp-content\/uploads\/2017\/09\/cabezal_fondo_celeste_final_910.png","contentUrl":"http:\/\/enterarte.info\/press\/wp-content\/uploads\/2017\/09\/cabezal_fondo_celeste_final_910.png","width":910,"height":205,"caption":"ENTERARTE"},"image":{"@id":"https:\/\/enterarte.info\/press\/#\/schema\/logo\/image\/"},"sameAs":["\/enterarte.info\/"]}]}},"_links":{"self":[{"href":"https:\/\/enterarte.info\/press\/wp-json\/wp\/v2\/pages\/221","targetHints":{"allow":["GET"]}}],"collection":[{"href":"https:\/\/enterarte.info\/press\/wp-json\/wp\/v2\/pages"}],"about":[{"href":"https:\/\/enterarte.info\/press\/wp-json\/wp\/v2\/types\/page"}],"author":[{"embeddable":true,"href":"https:\/\/enterarte.info\/press\/wp-json\/wp\/v2\/users\/2"}],"replies":[{"embeddable":true,"href":"https:\/\/enterarte.info\/press\/wp-json\/wp\/v2\/comments?post=221"}],"version-history":[{"count":17,"href":"https:\/\/enterarte.info\/press\/wp-json\/wp\/v2\/pages\/221\/revisions"}],"predecessor-version":[{"id":6246,"href":"https:\/\/enterarte.info\/press\/wp-json\/wp\/v2\/pages\/221\/revisions\/6246"}],"wp:attachment":[{"href":"https:\/\/enterarte.info\/press\/wp-json\/wp\/v2\/media?parent=221"}],"curies":[{"name":"wp","href":"https:\/\/api.w.org\/{rel}","templated":true}]}}